{"id":251,"date":"2025-12-09T15:53:24","date_gmt":"2025-12-09T15:53:24","guid":{"rendered":"https:\/\/mamob-italy.eu\/?page_id=251"},"modified":"2026-04-01T11:24:55","modified_gmt":"2026-04-01T11:24:55","slug":"erasmus-2","status":"publish","type":"page","link":"https:\/\/mamob-italy.eu\/index.php\/erasmus-2\/","title":{"rendered":"Erasmus+"},"content":{"rendered":"\n<div id=\"wp-block-themeisle-blocks-advanced-columns-678cc482\" class=\"wp-block-themeisle-blocks-advanced-columns alignfull has-1-columns has-desktop-equal-layout has-tablet-equal-layout has-mobile-collapsedRows-layout has-reverse-columns-mobile has-vertical-bottom ticss-c00aadba\"><div class=\"wp-block-themeisle-blocks-advanced-columns-overlay\"><\/div><div class=\"innerblocks-wrap\">\n<div id=\"wp-block-themeisle-blocks-advanced-column-4d412c51\" class=\"wp-block-themeisle-blocks-advanced-column\">\n<h2 id=\"wp-block-themeisle-blocks-advanced-heading-fb3c7a39\" class=\"wp-block-themeisle-blocks-advanced-heading wp-block-themeisle-blocks-advanced-heading-fb3c7a39\">Cr\u00e9e ton projet de mobilit\u00e9 avec nous !<\/h2>\n\n\n\n<div class=\"wp-block-buttons is-content-justification-center is-layout-flex wp-container-core-buttons-is-layout-a89b3969 wp-block-buttons-is-layout-flex\">\n<div class=\"wp-block-button is-style-primary is-style-fill\"><a class=\"wp-block-button__link has-text-color has-background has-link-color has-custom-font-size wp-element-button\" href=\"https:\/\/mamob-italy.eu\/index.php\/contact\/\" style=\"border-width:6px;border-top-left-radius:100px;border-top-right-radius:100px;border-bottom-left-radius:100px;border-bottom-right-radius:100px;color:#ffffff;background-color:#d7393e;padding-top:20px;padding-right:40px;padding-bottom:20px;padding-left:40px;font-size:15px\">FORMULAIRE DE CONTACT<\/a><\/div>\n<\/div>\n<\/div>\n<\/div><\/div>\n\n\n\n<div id=\"wp-block-themeisle-blocks-advanced-columns-6060ad37\" class=\"wp-block-themeisle-blocks-advanced-columns alignfull has-1-columns has-desktop-equal-layout has-tablet-equal-layout has-mobile-equal-layout has-vertical-unset has-light-bg\"><div class=\"wp-block-themeisle-blocks-advanced-columns-overlay\"><\/div><div class=\"innerblocks-wrap\">\n<div id=\"wp-block-themeisle-blocks-advanced-column-e9443913\" class=\"wp-block-themeisle-blocks-advanced-column\">\n<h2 class=\"wp-block-heading has-custom-color-2-color has-text-color has-link-color has-lumios-font-family has-huge-font-size wp-elements-b7ea6095c771ac2baa14251fa37643ff\" style=\"font-style:normal;font-weight:400\">Erasmus Plus, c&rsquo;est quoi ? <\/h2>\n\n\n\n<p class=\"has-text-color has-link-color wp-elements-db4922a0c06653537ef333e93cdd6b05\" style=\"color:#070731\">Erasmus Plus est le programme phare de <strong>l&rsquo;Union europ\u00e9enne<\/strong> d\u00e9di\u00e9 \u00e0 l&rsquo;\u00e9ducation, la formation, la jeunesse et le sport. Il finance et soutient les projets qui encouragent la mobilit\u00e9, l&rsquo;\u00e9change de comp\u00e9tences, l&rsquo;ouverture internationale et le d\u00e9veloppement professionnel.<\/p>\n\n\n\n<p>Pour les lyc\u00e9es professionnels, Erasmus+ repr\u00e9sente une opportunit\u00e9 majeure d&rsquo;offrir aux \u00e9l\u00e8ves une exp\u00e9rience de stage en Europe, dans des conditions s\u00e9curis\u00e9es et reconnues institutionnellement.<\/p>\n\n\n\n<p class=\"has-text-color has-link-color wp-elements-ddfb81619c51ea45e1ed63523e8164ba\" style=\"color:#070731\">Erasmus Plus est particuli\u00e8rement important pour les <strong>lyc\u00e9es professionnels<\/strong>, puisqu&rsquo;il permet \u00e0 des jeunes qui voyagent rarement, se sous-estiment et qui ont peu d&rsquo;exp\u00e9rience professionnelle de vivre une exp\u00e9rience valorisante et transformante.<\/p>\n<\/div>\n<\/div><\/div>\n\n\n\n<div id=\"wp-block-themeisle-blocks-advanced-columns-0f085375\" class=\"wp-block-themeisle-blocks-advanced-columns alignfull has-3-columns has-desktop-equal-layout has-tablet-equal-layout has-mobile-collapsedRows-layout has-vertical-unset has-light-bg\"><div class=\"wp-block-themeisle-blocks-advanced-columns-overlay\"><\/div><div class=\"innerblocks-wrap\">\n<div id=\"wp-block-themeisle-blocks-advanced-column-388e2d6c\" class=\"wp-block-themeisle-blocks-advanced-column has-light-bg\">\n<div id=\"wp-block-themeisle-blocks-font-awesome-icons-7b689dc6\" class=\"wp-block-themeisle-blocks-font-awesome-icons\"><span class=\"wp-block-themeisle-blocks-font-awesome-icons-container\"><i class=\"fas fa-graduation-cap\"><\/i><\/span><\/div>\n\n\n\n<h3 class=\"wp-block-heading has-text-align-center has-custom-color-1-color has-text-color has-medium-font-size\" style=\"margin-top:0px\">Valorisation du parcours professionnel<\/h3>\n\n\n\n<p class=\"has-text-align-center has-text-color has-link-color has-glacial-indifference-font-family wp-elements-ce41e4b93c160b2de188346594e23b2b\" style=\"color:#070731\">Nous s\u00e9lectionnons des lieux de stage en parfaite ad\u00e9quation avec le r\u00e9f\u00e9rentiel p\u00e9dagogique de chaque \u00e9l\u00e8ve. Gr\u00e2ce \u00e0 notre r\u00e9seau de partenaires italiens rigoureusement audit\u00e9s, nous garantissons un tutorat de qualit\u00e9 au sein d&rsquo;entreprises s\u00e9rieuses, engag\u00e9es dans la transmission de savoir-faire techniques et la formation des futurs professionnels.<\/p>\n<\/div>\n\n\n\n<div id=\"wp-block-themeisle-blocks-advanced-column-ba348fbb\" class=\"wp-block-themeisle-blocks-advanced-column has-light-bg\">\n<div id=\"wp-block-themeisle-blocks-font-awesome-icons-a8eb2801\" class=\"wp-block-themeisle-blocks-font-awesome-icons\"><span class=\"wp-block-themeisle-blocks-font-awesome-icons-container\"><i class=\"fas fa-globe-europe\"><\/i><\/span><\/div>\n\n\n\n<h3 class=\"wp-block-heading has-text-align-center has-custom-color-2-color has-text-color has-medium-font-size\" style=\"margin-top:0px\">Une ouverture europ\u00e9enne et culturelle<\/h3>\n\n\n\n<p class=\"has-text-align-center has-text-color has-link-color has-glacial-indifference-font-family wp-elements-c68bbd1f6fe69f7dba19022688b2dd55\" style=\"color:#070731\">Au-del\u00e0 des comp\u00e9tences techniques, la mobilit\u00e9 Erasmus+ offre aux \u00e9l\u00e8ves une exp\u00e9rience humaine capitale. L\u2019immersion en Italie favorise l\u2019acquisition d\u2019une autonomie r\u00e9elle, l\u2019initiation \u00e0 la langue italienne et la d\u00e9couverte de m\u00e9thodes de travail diff\u00e9renci\u00e9es. Ce bagage culturel devient un atout pr\u00e9cieux dans leur parcours personnel et citoyen.<\/p>\n<\/div>\n\n\n\n<div id=\"wp-block-themeisle-blocks-advanced-column-973da73f\" class=\"wp-block-themeisle-blocks-advanced-column has-light-bg\">\n<div id=\"wp-block-themeisle-blocks-font-awesome-icons-a58203cd\" class=\"wp-block-themeisle-blocks-font-awesome-icons\"><span class=\"wp-block-themeisle-blocks-font-awesome-icons-container\"><i class=\"fas fa-file-alt\"><\/i><\/span><\/div>\n\n\n\n<h3 class=\"wp-block-heading has-text-align-center has-custom-color-1-color has-text-color has-medium-font-size\" style=\"margin-top:0px\">Un projet cl\u00e9 en main et s\u00e9curis\u00e9<\/h3>\n\n\n\n<p class=\"has-text-align-center has-text-color has-link-color has-glacial-indifference-font-family wp-elements-46dc23abd352d0cc9618b6d3c497ad76\" style=\"color:#070731\">Notre organisme assure l&rsquo;int\u00e9gralit\u00e9 de la cha\u00eene logistique : transport sur place, h\u00e9bergement et placement en entreprise. Nous garantissons une gestion administrative conforme aux exigences du programme Erasmus+ en vous accompagnant d\u00e8s la cr\u00e9ation du projet de mobilit\u00e9. Nous s\u00e9curisons chaque \u00e9tape du projet pour offrir une mobilit\u00e9 encadr\u00e9e aux \u00e9tablissements.<\/p>\n<\/div>\n<\/div><\/div>\n\n\n\n<div class=\"wp-block-group alignfull has-raft-bg-alt-background-color has-background is-layout-constrained wp-container-core-group-is-layout-922207b9 wp-block-group-is-layout-constrained\" style=\"margin-top:0;margin-bottom:0;padding-top:var(--wp--preset--spacing--80);padding-right:var(--wp--preset--spacing--40);padding-bottom:var(--wp--preset--spacing--80);padding-left:var(--wp--preset--spacing--40)\">\n<div class=\"wp-block-group is-layout-constrained wp-container-core-group-is-layout-7dc7e85e wp-block-group-is-layout-constrained\">\n<h2 class=\"wp-block-heading\">Les avantages d&rsquo;une mobilit\u00e9 avec MaMob&rsquo;Italy<\/h2>\n\n\n\n<p class=\"has-glacial-indifference-font-family has-medium-font-size\">Ce que nous prenons en charge pour faciliter votre mobilit\u00e9 <\/p>\n<\/div>\n\n\n\n<div class=\"wp-block-group has-custom-color-2-color has-text-color has-link-color wp-elements-dc3dd0baadeca623453eb1cddb2e65fd is-layout-flow wp-block-group-is-layout-flow\">\n<div class=\"wp-block-columns is-layout-flex wp-container-core-columns-is-layout-28f84493 wp-block-columns-is-layout-flex\">\n<div class=\"wp-block-column has-border-color has-raft-bg-alt-border-color has-custom-color-2-color has-raft-bg-alt-background-color has-text-color has-background has-link-color wp-elements-ec3218458f336c03854815d8e88290ab is-layout-flow wp-container-core-column-is-layout-119bc444 wp-block-column-is-layout-flow\">\n<div id=\"wp-block-themeisle-blocks-accordion-4ab92519\" class=\"wp-block-themeisle-blocks-accordion exclusive\">\n<details class=\"wp-block-themeisle-blocks-accordion-item\"><summary class=\"wp-block-themeisle-blocks-accordion-item__title\"><div><strong>Cr\u00e9ation du projet de mobilit\u00e9<\/strong><\/div><\/summary><div class=\"wp-block-themeisle-blocks-accordion-item__content\">\n<p class=\"has-raft-fg-color has-text-color has-link-color has-glacial-indifference-font-family wp-elements-308e7d9c93d2e331061ac80c8c86d24f\">Chaque projet est personnalis\u00e9 : nous adaptons les stages, la logistique et l&rsquo;encadrement en fonction des besoins sp\u00e9cifiques des enseignants et du profil des \u00e9l\u00e8ves.<\/p>\n<\/div><\/details>\n\n\n\n<details class=\"wp-block-themeisle-blocks-accordion-item\"><summary class=\"wp-block-themeisle-blocks-accordion-item__title\"><div><strong>Gestion administrative<\/strong><\/div><\/summary><div class=\"wp-block-themeisle-blocks-accordion-item__content\">\n<p class=\"has-raft-fg-color has-text-color has-link-color has-glacial-indifference-font-family wp-elements-78d83694dc26a12fee3d40d1a4eaa2dd\">Nous prenons en charge toute la partie administrative li\u00e9e au projet Erasmus+ : documents, conventions, assurances, suivi des dossiers.. Vous gagnez du temps et \u00e9vitez les erreurs.<\/p>\n<\/div><\/details>\n\n\n\n<details class=\"wp-block-themeisle-blocks-accordion-item\"><summary class=\"wp-block-themeisle-blocks-accordion-item__title\"><div><strong>Culture et langue<\/strong><\/div><\/summary><div class=\"wp-block-themeisle-blocks-accordion-item__content\">\n<p class=\"has-raft-fg-color has-text-color has-link-color has-glacial-indifference-font-family wp-elements-f1e92a0a0bb95cfdbd99f1077d6474d4\">Nous proposons des activit\u00e9s culturelles et des cours de langue italienne pour permettre aux \u00e9l\u00e8ves de d\u00e9couvrir l&rsquo;Italie et enrichir leur exp\u00e9rience au-del\u00e0 du stage en entreprise.<\/p>\n<\/div><\/details>\n<\/div>\n<\/div>\n\n\n\n<div class=\"wp-block-column has-custom-color-2-color has-text-color has-link-color wp-elements-578ab35e6bcab84bae68ee736b3b6cf6 is-layout-flow wp-container-core-column-is-layout-119bc444 wp-block-column-is-layout-flow\">\n<div id=\"wp-block-themeisle-blocks-accordion-21926098\" class=\"wp-block-themeisle-blocks-accordion exclusive\">\n<details class=\"wp-block-themeisle-blocks-accordion-item\"><summary class=\"wp-block-themeisle-blocks-accordion-item__title\"><div><strong>S\u00e9lections des entreprises<\/strong><\/div><\/summary><div class=\"wp-block-themeisle-blocks-accordion-item__content\">\n<p class=\"has-raft-fg-color has-text-color has-link-color has-glacial-indifference-font-family wp-elements-e7afbf4187da5ec75b75e9458b9c440b\">Nous trouvons des entreprises s\u00e9rieuses, correspondant aux sp\u00e9cialit\u00e9s professionnelles des \u00e9l\u00e8ves, afin d&rsquo;assurer un stage pertinent, formateur et conforme aux objectifs p\u00e9dagogiques.<\/p>\n<\/div><\/details>\n\n\n\n<details class=\"wp-block-themeisle-blocks-accordion-item\"><summary class=\"wp-block-themeisle-blocks-accordion-item__title\"><div><strong>Solution d&rsquo;h\u00e9bergement<\/strong><\/div><\/summary><div class=\"wp-block-themeisle-blocks-accordion-item__content\">\n<p class=\"has-raft-fg-color has-text-color has-link-color has-glacial-indifference-font-family wp-elements-dc5e6ecaa3751c4ee74457e05555ad0f\">Nous s\u00e9lectionnons des h\u00e9bergements fiables, conformes aux standards Erasmus+ et adapt\u00e9s aux groupes d&rsquo;\u00e9l\u00e8ves, pour assurer confort et s\u00e9curit\u00e9.<\/p>\n<\/div><\/details>\n\n\n\n<details class=\"wp-block-themeisle-blocks-accordion-item\"><summary class=\"wp-block-themeisle-blocks-accordion-item__title\"><div><strong>Solution logistique<\/strong><\/div><\/summary><div class=\"wp-block-themeisle-blocks-accordion-item__content\">\n<p class=\"has-raft-fg-color has-text-color has-link-color has-glacial-indifference-font-family wp-elements-4ec24581b649ae952c8faf18294bfba7\">Transports, transfert, planning, coordination sur place : nous g\u00e9rons chaque \u00e9tape pour garantir un s\u00e9jour fluide, s\u00e9curis\u00e9 et sans impr\u00e9vus.<\/p>\n<\/div><\/details>\n<\/div>\n<\/div>\n<\/div>\n<\/div>\n\n\n\n<div style=\"height:100px\" aria-hidden=\"true\" class=\"wp-block-spacer\"><\/div>\n\n\n\n<div id=\"wp-block-themeisle-blocks-advanced-columns-b1f98ddf\" class=\"wp-block-themeisle-blocks-advanced-columns has-2-columns has-desktop-equal-layout has-tablet-equal-layout has-mobile-collapsedRows-layout has-vertical-unset\"><div class=\"wp-block-themeisle-blocks-advanced-columns-overlay\"><\/div><div class=\"innerblocks-wrap\">\n<div id=\"wp-block-themeisle-blocks-advanced-column-386975e9\" class=\"wp-block-themeisle-blocks-advanced-column\">\n<h3 class=\"wp-block-heading\">Nos lieux de stage partenaires qui pourrait vous int\u00e9resser.<\/h3>\n\n\n\n<ul class=\"wp-block-list\">\n<li class=\"has-glacial-indifference-font-family\">Vasto (Abruzzo)<\/li>\n\n\n\n<li class=\"has-glacial-indifference-font-family\">Pescara (Abruzzo)<\/li>\n\n\n\n<li class=\"has-glacial-indifference-font-family\">Gallipoli (Puglia)<\/li>\n\n\n\n<li class=\"has-glacial-indifference-font-family\">Rome (Lazio)<\/li>\n\n\n\n<li class=\"has-glacial-indifference-font-family\">Turin (Piemonte)<\/li>\n<\/ul>\n\n\n\n<p class=\"has-glacial-indifference-font-family\">Attention, tous les lieux ne sont pas disponibles tout au long de l&rsquo;ann\u00e9e, cela d\u00e9pend aussi de la formation de l&rsquo;\u00e9l\u00e8ve.<\/p>\n<\/div>\n\n\n\n<div id=\"wp-block-themeisle-blocks-advanced-column-52b80dad\" class=\"wp-block-themeisle-blocks-advanced-column\">\n<figure class=\"wp-block-image size-full\"><img fetchpriority=\"high\" decoding=\"async\" width=\"940\" height=\"788\" src=\"https:\/\/mamob-italy.eu\/wp-content\/uploads\/2026\/02\/Bleu-plage-Montage-simple-Publication-Facebook.png\" alt=\"\" class=\"wp-image-368\" srcset=\"https:\/\/mamob-italy.eu\/wp-content\/uploads\/2026\/02\/Bleu-plage-Montage-simple-Publication-Facebook.png 940w, https:\/\/mamob-italy.eu\/wp-content\/uploads\/2026\/02\/Bleu-plage-Montage-simple-Publication-Facebook-300x251.png 300w, https:\/\/mamob-italy.eu\/wp-content\/uploads\/2026\/02\/Bleu-plage-Montage-simple-Publication-Facebook-768x644.png 768w\" sizes=\"(max-width: 940px) 100vw, 940px\" \/><\/figure>\n<\/div>\n<\/div><\/div>\n<\/div>\n\n\n\n<div id=\"wp-block-themeisle-blocks-slider-51624a97\" class=\"wp-block-themeisle-blocks-slider alignwide glide\" data-per-view=\"2\" data-gap=\"26\" data-peek=\"44\" data-autoplay=\"true\" data-height=\"400px\" data-hide-arrows=\"false\"><div class=\"glide__track\" data-glide-el=\"track\"><div class=\"glide__slides\"><div class=\"wp-block-themeisle-blocks-slider-item-wrapper glide__slide\" tabindex=\"0\"><figure><img decoding=\"async\" class=\"wp-block-themeisle-blocks-slider-item\" src=\"https:\/\/mamob-italy.eu\/wp-content\/uploads\/2026\/02\/7.png\" alt=\"\" title=\"\" data-id=\"441\"\/><\/figure><\/div><div class=\"wp-block-themeisle-blocks-slider-item-wrapper glide__slide\" tabindex=\"0\"><figure><img decoding=\"async\" class=\"wp-block-themeisle-blocks-slider-item\" src=\"https:\/\/mamob-italy.eu\/wp-content\/uploads\/2026\/02\/8.png\" alt=\"\" title=\"\" data-id=\"438\"\/><\/figure><\/div><div class=\"wp-block-themeisle-blocks-slider-item-wrapper glide__slide\" tabindex=\"0\"><figure><img decoding=\"async\" class=\"wp-block-themeisle-blocks-slider-item\" src=\"https:\/\/mamob-italy.eu\/wp-content\/uploads\/2026\/02\/9.png\" alt=\"\" title=\"\" data-id=\"434\"\/><\/figure><\/div><div class=\"wp-block-themeisle-blocks-slider-item-wrapper glide__slide\" tabindex=\"0\"><figure><img decoding=\"async\" class=\"wp-block-themeisle-blocks-slider-item\" src=\"https:\/\/mamob-italy.eu\/wp-content\/uploads\/2026\/02\/10.png\" alt=\"\" title=\"\" data-id=\"439\"\/><\/figure><\/div><div class=\"wp-block-themeisle-blocks-slider-item-wrapper glide__slide\" tabindex=\"0\"><figure><img decoding=\"async\" class=\"wp-block-themeisle-blocks-slider-item\" src=\"https:\/\/mamob-italy.eu\/wp-content\/uploads\/2026\/02\/11.png\" alt=\"\" title=\"\" data-id=\"436\"\/><\/figure><\/div><div class=\"wp-block-themeisle-blocks-slider-item-wrapper glide__slide\" tabindex=\"0\"><figure><img decoding=\"async\" class=\"wp-block-themeisle-blocks-slider-item\" src=\"https:\/\/mamob-italy.eu\/wp-content\/uploads\/2026\/02\/12.png\" alt=\"\" title=\"\" data-id=\"440\"\/><\/figure><\/div><div class=\"wp-block-themeisle-blocks-slider-item-wrapper glide__slide\" tabindex=\"0\"><figure><img decoding=\"async\" class=\"wp-block-themeisle-blocks-slider-item\" src=\"https:\/\/mamob-italy.eu\/wp-content\/uploads\/2026\/02\/13.png\" alt=\"\" title=\"\" data-id=\"437\"\/><\/figure><\/div><div class=\"wp-block-themeisle-blocks-slider-item-wrapper glide__slide\" tabindex=\"0\"><figure><img decoding=\"async\" class=\"wp-block-themeisle-blocks-slider-item\" src=\"https:\/\/mamob-italy.eu\/wp-content\/uploads\/2026\/02\/14.png\" alt=\"\" title=\"\" data-id=\"435\"\/><\/figure><\/div><\/div><div class=\"glide__bullets\" data-glide-el=\"controls[nav]\"><button class=\"glide__bullet\" data-glide-dir=\"=0\"><\/button><button class=\"glide__bullet\" data-glide-dir=\"=1\"><\/button><button class=\"glide__bullet\" data-glide-dir=\"=2\"><\/button><button class=\"glide__bullet\" data-glide-dir=\"=3\"><\/button><button class=\"glide__bullet\" data-glide-dir=\"=4\"><\/button><button class=\"glide__bullet\" data-glide-dir=\"=5\"><\/button><button class=\"glide__bullet\" data-glide-dir=\"=6\"><\/button><button class=\"glide__bullet\" data-glide-dir=\"=7\"><\/button><\/div><\/div><\/div>\n\n\n\n<section id=\"wp-block-themeisle-blocks-advanced-columns-e4373a2b\" class=\"wp-block-themeisle-blocks-advanced-columns alignfull has-1-columns has-desktop-equal-layout has-tablet-equal-layout has-mobile-equal-layout has-vertical-flex-start has-light-bg\"><div class=\"wp-block-themeisle-blocks-advanced-columns-overlay\"><\/div><div class=\"innerblocks-wrap\">\n<div id=\"wp-block-themeisle-blocks-advanced-column-0b9db5af\" class=\"wp-block-themeisle-blocks-advanced-column\">\n<section id=\"wp-block-themeisle-blocks-advanced-columns-6fc7adce\" class=\"wp-block-themeisle-blocks-advanced-columns has-2-columns has-desktop-equal-layout has-tablet-equal-layout has-mobile-collapsedRows-layout has-vertical-flex-start\"><div class=\"wp-block-themeisle-blocks-advanced-columns-overlay\"><\/div><div class=\"innerblocks-wrap\">\n<div id=\"wp-block-themeisle-blocks-advanced-column-25e97a9a\" class=\"wp-block-themeisle-blocks-advanced-column\">\n<h2 class=\"wp-block-heading wp-block-themeisle-blocks-advanced-heading wp-block-themeisle-blocks-advanced-heading-a3e4dce8 has-custom-color-1-color has-text-color has-link-color wp-elements-b4b445f7035150360642856300c0b09a\" id=\"wp-block-themeisle-blocks-advanced-heading-a3e4dce8\" style=\"font-size:40px\">Questions fr\u00e9quentes<\/h2>\n\n\n\n<p class=\"has-text-color has-link-color wp-elements-8ae32b4d1af36656ad74a1d7c5d36fdf\" style=\"color:#1f2025\">Pour d&rsquo;autres questions, n&rsquo;h\u00e9sitez pas \u00e0 nous contacter par mail : <strong>mamobitaly@gmail.com<\/strong><\/p>\n\n\n\n<figure class=\"wp-block-image size-full\"><img decoding=\"async\" width=\"940\" height=\"788\" src=\"https:\/\/mamob-italy.eu\/wp-content\/uploads\/2026\/02\/Bleu-plage-Montage-simple-Publication-Facebook-copie-2.png\" alt=\"\" class=\"wp-image-396\" srcset=\"https:\/\/mamob-italy.eu\/wp-content\/uploads\/2026\/02\/Bleu-plage-Montage-simple-Publication-Facebook-copie-2.png 940w, https:\/\/mamob-italy.eu\/wp-content\/uploads\/2026\/02\/Bleu-plage-Montage-simple-Publication-Facebook-copie-2-300x251.png 300w, https:\/\/mamob-italy.eu\/wp-content\/uploads\/2026\/02\/Bleu-plage-Montage-simple-Publication-Facebook-copie-2-768x644.png 768w\" sizes=\"(max-width: 940px) 100vw, 940px\" \/><\/figure>\n<\/div>\n\n\n\n<div id=\"wp-block-themeisle-blocks-advanced-column-6be03cf4\" class=\"wp-block-themeisle-blocks-advanced-column\">\n<div id=\"wp-block-themeisle-blocks-accordion-827325c4\" class=\"wp-block-themeisle-blocks-accordion exclusive\">\n<details class=\"wp-block-themeisle-blocks-accordion-item\"><summary class=\"wp-block-themeisle-blocks-accordion-item__title\"><div>Comment sont financ\u00e9s les projets ?<\/div><\/summary><div class=\"wp-block-themeisle-blocks-accordion-item__content\">\n<p class=\"has-glacial-indifference-font-family\">Erasmus+ prend en charge une grande partie des d\u00e9penses, notamment :<\/p>\n\n\n\n<ul class=\"wp-block-list\">\n<li class=\"has-glacial-indifference-font-family\">transport international et local<\/li>\n\n\n\n<li class=\"has-glacial-indifference-font-family\">logement<\/li>\n\n\n\n<li class=\"has-glacial-indifference-font-family\">assurance<\/li>\n\n\n\n<li class=\"has-glacial-indifference-font-family\">pr\u00e9paration linguistique (via OLS)<\/li>\n\n\n\n<li class=\"has-glacial-indifference-font-family\">frais d&rsquo;organisation<\/li>\n\n\n\n<li class=\"has-glacial-indifference-font-family\">encadrement<\/li>\n<\/ul>\n\n\n\n<p class=\"has-glacial-indifference-font-family\">Le programme fonctionne sous forme d&rsquo;appels \u00e0 projets, ce qui permet aux \u00e9tablissements d&rsquo;obtenir des budgets pour envoyer plusieurs groupes d&rsquo;\u00e9l\u00e8ves <\/p>\n<\/div><\/details>\n\n\n\n<details class=\"wp-block-themeisle-blocks-accordion-item\"><summary class=\"wp-block-themeisle-blocks-accordion-item__title\"><div>Comment planifier une mobilit\u00e9 avec MaMob&rsquo;Italy ?<\/div><\/summary><div class=\"wp-block-themeisle-blocks-accordion-item__content\">\n<p class=\"has-glacial-indifference-font-family\">Pour mettre en place une mobilit\u00e9 Erasmus+ pour des groupes d&rsquo;\u00e9l\u00e8ves avec MaMob&rsquo;Italy, il vous suffit de nous contacter afin d&rsquo;obtenir un devis personnalis\u00e9 qui r\u00e9pondra \u00e0 vos besoins sp\u00e9cifiques.<\/p>\n\n\n\n<p class=\"has-glacial-indifference-font-family\">Ensemble nous d\u00e9terminerons la dur\u00e9e, les dates, le financement et les d\u00e9tails du projet. Nous vous aiderons \u00e0 d\u00e9finir le montant de la bourse Erasmus+ par \u00e9l\u00e8ve, qui d\u00e9pend de plusieurs facteurs (la dur\u00e9e du stage, le co\u00fbt de la vie du pays d&rsquo;accueil, les frais de voyage et d&rsquo;organisation).<\/p>\n<\/div><\/details>\n\n\n\n<details class=\"wp-block-themeisle-blocks-accordion-item\"><summary class=\"wp-block-themeisle-blocks-accordion-item__title\"><div>Qui peut b\u00e9n\u00e9ficier du programme Erasmus+ ?<\/div><\/summary><div class=\"wp-block-themeisle-blocks-accordion-item__content\">\n<p class=\"has-glacial-indifference-font-family\">Dans le cadre des lyc\u00e9es professionnels, les b\u00e9n\u00e9ficiaires sont :<\/p>\n\n\n\n<ul class=\"wp-block-list\">\n<li class=\"has-glacial-indifference-font-family\">les enseignants (accompagnateurs, porteurs de projet)<\/li>\n\n\n\n<li class=\"has-glacial-indifference-font-family\">les \u00e9tablissements scolaires (direction, coordinateurs, \u00e9quipes p\u00e9dagogiques)<\/li>\n\n\n\n<li class=\"has-glacial-indifference-font-family\">les \u00e9l\u00e8ves en formation professionnelle (CAP, Bac Pro, Mention compl\u00e9mentaire&#8230;)<\/li>\n<\/ul>\n<\/div><\/details>\n\n\n\n<details class=\"wp-block-themeisle-blocks-accordion-item\"><summary class=\"wp-block-themeisle-blocks-accordion-item__title\"><div>Quels crit\u00e8res doivent \u00eatre remplis par les \u00e9tudiants souhaitant participer \u00e0 une mobilit\u00e9 Erasmus + ?<\/div><\/summary><div class=\"wp-block-themeisle-blocks-accordion-item__content\">\n<p class=\"has-glacial-indifference-font-family\">Pour pouvoir effectuer un stage \u00e0 l&rsquo;\u00e9tranger avec Erasmus+, il est n\u00e9cessaire d&rsquo;\u00eatre inscrit dans un \u00e9tablissement d&rsquo;enseignement et de poursuivre des \u00e9tudes conduisant \u00e0 l&rsquo;obtention d&rsquo;un dipl\u00f4me reconnu de l&rsquo;enseignement.<\/p>\n<\/div><\/details>\n<\/div>\n<\/div>\n<\/div><\/section>\n<\/div>\n<\/div><\/section>\n","protected":false},"excerpt":{"rendered":"<p>Les avantages d&rsquo;une mobilit\u00e9 avec MaMob&rsquo;Italy Ce que nous prenons en charge pour faciliter votre mobilit\u00e9<\/p>\n","protected":false},"author":1,"featured_media":0,"parent":0,"menu_order":0,"comment_status":"closed","ping_status":"closed","template":"","meta":{"_themeisle_gutenberg_block_has_review":false,"footnotes":""},"class_list":["post-251","page","type-page","status-publish","hentry"],"_links":{"self":[{"href":"https:\/\/mamob-italy.eu\/index.php\/wp-json\/wp\/v2\/pages\/251","targetHints":{"allow":["GET"]}}],"collection":[{"href":"https:\/\/mamob-italy.eu\/index.php\/wp-json\/wp\/v2\/pages"}],"about":[{"href":"https:\/\/mamob-italy.eu\/index.php\/wp-json\/wp\/v2\/types\/page"}],"author":[{"embeddable":true,"href":"https:\/\/mamob-italy.eu\/index.php\/wp-json\/wp\/v2\/users\/1"}],"replies":[{"embeddable":true,"href":"https:\/\/mamob-italy.eu\/index.php\/wp-json\/wp\/v2\/comments?post=251"}],"version-history":[{"count":35,"href":"https:\/\/mamob-italy.eu\/index.php\/wp-json\/wp\/v2\/pages\/251\/revisions"}],"predecessor-version":[{"id":463,"href":"https:\/\/mamob-italy.eu\/index.php\/wp-json\/wp\/v2\/pages\/251\/revisions\/463"}],"wp:attachment":[{"href":"https:\/\/mamob-italy.eu\/index.php\/wp-json\/wp\/v2\/media?parent=251"}],"curies":[{"name":"wp","href":"https:\/\/api.w.org\/{rel}","templated":true}]}}