{"id":264,"date":"2025-12-11T12:01:50","date_gmt":"2025-12-11T12:01:50","guid":{"rendered":"https:\/\/mamob-italy.eu\/?page_id=264"},"modified":"2026-02-25T15:29:40","modified_gmt":"2026-02-25T15:29:40","slug":"mobilitee","status":"publish","type":"page","link":"https:\/\/mamob-italy.eu\/index.php\/mobilitee\/","title":{"rendered":"Mobilit\u00e9"},"content":{"rendered":"\n<div id=\"wp-block-themeisle-blocks-advanced-columns-678cc482\" class=\"wp-block-themeisle-blocks-advanced-columns alignfull has-1-columns has-desktop-equal-layout has-tablet-equal-layout has-mobile-collapsedRows-layout has-reverse-columns-mobile has-vertical-bottom ticss-c00aadba\"><div class=\"wp-block-themeisle-blocks-advanced-columns-overlay\"><\/div><div class=\"innerblocks-wrap\">\n<div id=\"wp-block-themeisle-blocks-advanced-column-4d412c51\" class=\"wp-block-themeisle-blocks-advanced-column\">\n<h2 id=\"wp-block-themeisle-blocks-advanced-heading-fb3c7a39\" class=\"wp-block-themeisle-blocks-advanced-heading wp-block-themeisle-blocks-advanced-heading-fb3c7a39\">Votre mobilit\u00e9 en 6 \u00e9tapes<\/h2>\n\n\n\n<div id=\"wp-block-themeisle-blocks-font-awesome-icons-567ab018\" class=\"wp-block-themeisle-blocks-font-awesome-icons\"><span class=\"wp-block-themeisle-blocks-font-awesome-icons-container\"><i class=\"fas fa-arrow-down\"><\/i><\/span><\/div>\n<\/div>\n<\/div><\/div>\n\n\n\n<div class=\"wp-block-group alignfull has-raft-fg-alt-color has-raft-fg-alt-background-color has-text-color has-background has-link-color wp-elements-dd4909d854cb2e4d82f63cea84b8b963 is-layout-constrained wp-container-core-group-is-layout-58b9728b wp-block-group-is-layout-constrained\" style=\"margin-top:0;margin-bottom:0;padding-top:var(--wp--preset--spacing--60);padding-right:var(--wp--preset--spacing--40);padding-bottom:var(--wp--preset--spacing--60);padding-left:var(--wp--preset--spacing--40)\">\n<div class=\"wp-block-columns alignwide is-layout-flex wp-container-core-columns-is-layout-08c01c1c wp-block-columns-is-layout-flex\">\n<div class=\"wp-block-column is-layout-flow wp-container-core-column-is-layout-1854fbe9 wp-block-column-is-layout-flow\" style=\"border-top-style:none;border-top-width:0px;border-right-style:none;border-right-width:0px;border-bottom-style:none;border-bottom-width:0px;border-left-color:var(--wp--preset--color--custom-color-1);border-left-width:4px;padding-left:var(--wp--preset--spacing--40)\">\n<h3 class=\"wp-block-heading has-text-align-left has-custom-color-1-color has-text-color has-link-color has-medium-font-size wp-elements-71aae98852f95fa2fb3c7f957106dea7\">1. Nous contacter<\/h3>\n\n\n\n<p class=\"has-text-align-left has-black-color has-text-color has-link-color has-glacial-indifference-font-family wp-elements-09d1128f94465d50d8caf099b35f91d2\">Premier contact pour discuter du projet de mobilit\u00e9 et \u00e9valuer sa faisabilit\u00e9.<\/p>\n\n\n\n<div class=\"wp-block-buttons is-layout-flex wp-block-buttons-is-layout-flex\">\n<div class=\"wp-block-button is-style-fill\"><a class=\"wp-block-button__link has-custom-color-2-background-color has-background has-glacial-indifference-font-family wp-element-button\" href=\"https:\/\/mamob-italy.eu\/index.php\/contact\/\" style=\"border-top-left-radius:100px;border-top-right-radius:100px;border-bottom-left-radius:100px;border-bottom-right-radius:100px\">Cr\u00e9er une mobilit\u00e9<\/a><\/div>\n<\/div>\n<\/div>\n\n\n\n<div class=\"wp-block-column is-layout-flow wp-container-core-column-is-layout-1854fbe9 wp-block-column-is-layout-flow\" style=\"border-top-style:none;border-top-width:0px;border-right-style:none;border-right-width:0px;border-bottom-style:none;border-bottom-width:0px;border-left-color:var(--wp--preset--color--black);border-left-width:4px;padding-left:var(--wp--preset--spacing--40)\">\n<h3 class=\"wp-block-heading has-text-align-left has-custom-color-1-color has-text-color has-link-color has-medium-font-size wp-elements-24c630f9ebca23d8afaafcaca327371c\">2. S\u00e9lection des entreprises<\/h3>\n\n\n\n<p class=\"has-text-align-left has-black-color has-text-color has-link-color has-glacial-indifference-font-family wp-elements-f6832e04fcdc262b5f5f310dea2f5f4f\">Nous s\u00e9lectionnons les entreprises d&rsquo;accueils et nous vous proposons les lieux de stage adapt\u00e9s aux \u00e9l\u00e8ves.<\/p>\n<\/div>\n\n\n\n<div class=\"wp-block-column is-layout-flow wp-container-core-column-is-layout-1854fbe9 wp-block-column-is-layout-flow\" style=\"border-top-style:none;border-top-width:0px;border-right-style:none;border-right-width:0px;border-bottom-style:none;border-bottom-width:0px;border-left-color:var(--wp--preset--color--black);border-left-width:4px;padding-left:var(--wp--preset--spacing--40)\">\n<h3 class=\"wp-block-heading has-text-align-left has-custom-color-1-color has-text-color has-link-color has-medium-font-size wp-elements-3a352f9399311f4c9516151a4fd66e63\">3. Gestion administrative<\/h3>\n\n\n\n<p class=\"has-text-align-left has-black-color has-text-color has-link-color has-glacial-indifference-font-family wp-elements-f1c921aae670e995937abf7e02cd5f69\">Nous pr\u00e9parons les documents n\u00e9cessaires au projet ainsi que les conventions de stage pour un programme sur-mesure.<\/p>\n<\/div>\n<\/div>\n<\/div>\n\n\n\n<div class=\"wp-block-group alignfull has-raft-fg-alt-color has-raft-fg-alt-background-color has-text-color has-background has-link-color wp-elements-7c0b36effdbb958aa5d891093638f9a4 is-layout-constrained wp-container-core-group-is-layout-d930c67d wp-block-group-is-layout-constrained\" style=\"margin-top:0;margin-bottom:0;padding-top:0;padding-right:var(--wp--preset--spacing--40);padding-bottom:0;padding-left:var(--wp--preset--spacing--40)\">\n<div class=\"wp-block-columns alignwide is-layout-flex wp-container-core-columns-is-layout-08c01c1c wp-block-columns-is-layout-flex\">\n<div class=\"wp-block-column is-layout-flow wp-container-core-column-is-layout-1854fbe9 wp-block-column-is-layout-flow\" style=\"border-top-style:none;border-top-width:0px;border-right-style:none;border-right-width:0px;border-bottom-style:none;border-bottom-width:0px;border-left-color:var(--wp--preset--color--black);border-left-width:4px;padding-left:var(--wp--preset--spacing--40)\">\n<h3 class=\"wp-block-heading has-text-align-left has-custom-color-1-color has-text-color has-link-color has-medium-font-size wp-elements-01adba2f422dab94059e8c1e48bb0d39\">4. Cr\u00e9ation de la mobilit\u00e9<\/h3>\n\n\n\n<p class=\"has-text-align-left has-black-color has-text-color has-link-color has-glacial-indifference-font-family wp-elements-83e09e4a997dd7ce228522ece9884e5c\">Nous organisons le projet de mobilit\u00e9 complet incluant h\u00e9bergement, repas, d\u00e9placements et activit\u00e9s culturelles au choix.<\/p>\n<\/div>\n\n\n\n<div class=\"wp-block-column is-layout-flow wp-container-core-column-is-layout-1854fbe9 wp-block-column-is-layout-flow\" style=\"border-top-style:none;border-top-width:0px;border-right-style:none;border-right-width:0px;border-bottom-style:none;border-bottom-width:0px;border-left-color:var(--wp--preset--color--black);border-left-width:4px;padding-left:var(--wp--preset--spacing--40)\">\n<h3 class=\"wp-block-heading has-text-align-left has-custom-color-1-color has-text-color has-link-color has-medium-font-size wp-elements-e429cea195b21135c865c78eec5d06ae\">5. Le stage<\/h3>\n\n\n\n<p class=\"has-text-align-left has-black-color has-text-color has-link-color has-glacial-indifference-font-family wp-elements-0c38465ff23c8963e50e8a2db4efe21a\">Nous accueillons les \u00e9l\u00e8ves et les accompagnons dans leur premier contact avec l&rsquo;entreprise d&rsquo;accueil. Nous assurons un suivi r\u00e9gulier avec les \u00e9tudiants tout au long de la mobilit\u00e9.<\/p>\n<\/div>\n\n\n\n<div class=\"wp-block-column is-layout-flow wp-container-core-column-is-layout-1854fbe9 wp-block-column-is-layout-flow\" style=\"border-top-style:none;border-top-width:0px;border-right-style:none;border-right-width:0px;border-bottom-style:none;border-bottom-width:0px;border-left-color:var(--wp--preset--color--black);border-left-width:4px;padding-left:var(--wp--preset--spacing--40)\">\n<h3 class=\"wp-block-heading has-text-align-left has-custom-color-1-color has-text-color has-link-color has-medium-font-size wp-elements-fa3b6e813803802eeb4a6e2adb5b7f26\">6. Reconnaissance Erasmus Plus<\/h3>\n\n\n\n<p class=\"has-text-align-left has-black-color has-text-color has-link-color has-glacial-indifference-font-family wp-elements-0289dfa7fca84ebd75a1eb5630965c4a\">Apr\u00e8s un compte-rendu avec l&rsquo;entreprise sur les comp\u00e9tences acquises par l&rsquo;\u00e9l\u00e8ve, nous remettons l&rsquo;attestation de participation \u00e0 une mobilit\u00e9 Erasmus Plus.<\/p>\n<\/div>\n<\/div>\n<\/div>\n\n\n\n<div id=\"wp-block-themeisle-blocks-advanced-columns-f0d39e55\" class=\"wp-block-themeisle-blocks-advanced-columns alignfull has-2-columns has-desktop-equal-layout has-tablet-equal-layout has-mobile-collapsedRows-layout has-vertical-top has-light-bg\"><div class=\"wp-block-themeisle-blocks-advanced-columns-overlay\"><\/div><div class=\"innerblocks-wrap\">\n<div id=\"wp-block-themeisle-blocks-advanced-column-50afd69b\" class=\"wp-block-themeisle-blocks-advanced-column\">\n<div style=\"height:129px\" aria-hidden=\"true\" class=\"wp-block-spacer\"><\/div>\n\n\n\n<h6 class=\"wp-block-heading has-text-color\" style=\"color:#ee3832\">MOVE WITH MAMOB&rsquo;ITALY<\/h6>\n\n\n\n<h2 class=\"wp-block-heading has-text-align-left has-x-large-font-size\">Les \u00e9tapes de la mobilit\u00e9 Erasmus+<\/h2>\n\n\n\n<p>Nous vous accompagnons dans chaque \u00e9tape de la mobilit\u00e9, de la prise de contact au retour de stage.<\/p>\n<\/div>\n\n\n\n<div id=\"wp-block-themeisle-blocks-advanced-column-b3d124e1\" class=\"wp-block-themeisle-blocks-advanced-column\">\n<div style=\"height:39px\" aria-hidden=\"true\" class=\"wp-block-spacer\"><\/div>\n\n\n\n<figure class=\"wp-block-image aligncenter size-full is-resized\"><img fetchpriority=\"high\" decoding=\"async\" width=\"940\" height=\"788\" src=\"https:\/\/mamob-italy.eu\/wp-content\/uploads\/2026\/02\/Bleu-plage-Montage-simple-Publication-Facebook-copie-4.png\" alt=\"\" class=\"wp-image-402\" style=\"aspect-ratio:1.1932745130680873;width:501px;height:auto\" srcset=\"https:\/\/mamob-italy.eu\/wp-content\/uploads\/2026\/02\/Bleu-plage-Montage-simple-Publication-Facebook-copie-4.png 940w, https:\/\/mamob-italy.eu\/wp-content\/uploads\/2026\/02\/Bleu-plage-Montage-simple-Publication-Facebook-copie-4-300x251.png 300w, https:\/\/mamob-italy.eu\/wp-content\/uploads\/2026\/02\/Bleu-plage-Montage-simple-Publication-Facebook-copie-4-768x644.png 768w\" sizes=\"(max-width: 940px) 100vw, 940px\" \/><\/figure>\n<\/div>\n<\/div><\/div>\n\n\n\n<div id=\"wp-block-themeisle-blocks-advanced-columns-2ad7fabb\" class=\"wp-block-themeisle-blocks-advanced-columns alignfull has-3-columns has-desktop-equal-layout has-tablet-equal-layout has-mobile-collapsedRows-layout has-vertical-top has-light-bg\"><div class=\"wp-block-themeisle-blocks-advanced-columns-overlay\"><\/div><div class=\"innerblocks-wrap\">\n<div id=\"wp-block-themeisle-blocks-advanced-column-3db450e0\" class=\"wp-block-themeisle-blocks-advanced-column has-light-bg\">\n<h3 class=\"wp-block-heading has-text-align-center has-custom-color-1-color has-text-color\" style=\"margin-top:0px\">Avant la mobilit\u00e9<\/h3>\n\n\n\n<p class=\"has-text-align-center has-text-color has-link-color has-glacial-indifference-font-family wp-elements-3c5c376e4d1f0a76c4ac8c7ffc255076\" style=\"color:#070731\">Vous prenez contacte avec nous, afin que nous puissions \u00e9valuer si le projet de mobilit\u00e9 remplis les exigences europ\u00e9ennes. Nous s\u00e9lectionnons les entreprises d\u2019accueil, en prenant compte l\u2019\u00e9tude de l\u2019\u00e9tudiant et l\u2019effectif du groupe. Nous finalisons l\u2019organisation administrative de la mobilit\u00e9.<\/p>\n<\/div>\n\n\n\n<div id=\"wp-block-themeisle-blocks-advanced-column-7eb37afb\" class=\"wp-block-themeisle-blocks-advanced-column has-light-bg\">\n<h3 class=\"wp-block-heading has-text-align-center has-custom-color-2-color has-text-color\" style=\"margin-top:0px\">Pendant la mobilit\u00e9<\/h3>\n\n\n\n<p class=\"has-text-align-center has-text-color has-link-color has-glacial-indifference-font-family wp-elements-b733e087024cc0bcca8ff14f810d8d4e\" style=\"color:#070731\">Nous accueillons les participants les premiers jours afin de leur donner toutes les informations utiles pour leur s\u00e9jour. Nous sommes pr\u00e9sent pour r\u00e9soudre toute situation conflictuelle durant le stage ou probl\u00e8me li\u00e9 \u00e0 la sant\u00e9. Nous vous accompagnons du d\u00e9but \u00e0 la fin de la mobilit\u00e9.<\/p>\n<\/div>\n\n\n\n<div id=\"wp-block-themeisle-blocks-advanced-column-a0035157\" class=\"wp-block-themeisle-blocks-advanced-column has-light-bg\">\n<h3 class=\"wp-block-heading has-text-align-center has-custom-color-1-color has-text-color\" style=\"margin-top:0px\">Apr\u00e8s la mobilit\u00e9<\/h3>\n\n\n\n<p class=\"has-text-align-center has-text-color has-link-color has-glacial-indifference-font-family wp-elements-b91feb23618cfcacaa0dbfa0964c46c2\" style=\"color:#070731\">Nous finalisons la mobilit\u00e9 \u00e0 travers un questionnaire de satisfaction afin d\u2019avoir votre retour sur l\u2019exp\u00e9rience. Nous vous remettons \u00e9galement un certificat de participation \u00e0 la mobilit\u00e9 Erasmus+ avec nous.<\/p>\n<\/div>\n<\/div><\/div>\n\n\n\n<section id=\"wp-block-themeisle-blocks-advanced-columns-335a2f03\" class=\"wp-block-themeisle-blocks-advanced-columns alignfull has-1-columns has-desktop-equal-layout has-tablet-equal-layout has-mobile-equal-layout has-vertical-flex-start\"><div class=\"wp-block-themeisle-blocks-advanced-columns-overlay\"><\/div><div class=\"innerblocks-wrap\">\n<div id=\"wp-block-themeisle-blocks-advanced-column-5d90343f\" class=\"wp-block-themeisle-blocks-advanced-column\">\n<section id=\"wp-block-themeisle-blocks-advanced-columns-b2ead1d6\" class=\"wp-block-themeisle-blocks-advanced-columns has-2-columns has-desktop-equal-layout has-tablet-equal-layout has-mobile-collapsedRows-layout has-vertical-center\"><div class=\"wp-block-themeisle-blocks-advanced-columns-overlay\"><\/div><div class=\"innerblocks-wrap\">\n<div id=\"wp-block-themeisle-blocks-advanced-column-7c705a1c\" class=\"wp-block-themeisle-blocks-advanced-column\">\n<h2 class=\"wp-block-heading\">Nos secteurs de stage : du CAP au BTS.<\/h2>\n\n\n\n<p>Les stages professionnels dans le cadre du programme Erasmus+ permettent aux \u00e9l\u00e8ves du CAP au BTS de profiter d&rsquo;une exp\u00e9rience de stage \u00e0 l&rsquo;\u00e9tranger. Cette immersion professionnelle donne du sens aux apprentissages, renforce la motivation des \u00e9l\u00e8ves et valorise leur parcours de formation. Elle constitue une \u00e9tape cl\u00e9 dans leur construction professionnelle, en leur offrant une premi\u00e8re exp\u00e9rience internationale reconnue et appr\u00e9ci\u00e9e par les employeurs.<\/p>\n<\/div>\n\n\n\n<div id=\"wp-block-themeisle-blocks-advanced-column-5f9a9ec0\" class=\"wp-block-themeisle-blocks-advanced-column\">\n<figure class=\"wp-block-image aligncenter size-full is-resized\"><img decoding=\"async\" width=\"778\" height=\"652\" src=\"https:\/\/mamob-italy.eu\/wp-content\/uploads\/2026\/02\/Bleu-plage-Montage-simple-Publication-Facebook-copie-3-1-edited.png\" alt=\"\" class=\"wp-image-401\" style=\"aspect-ratio:1.1932537374704937;width:459px;height:auto\" srcset=\"https:\/\/mamob-italy.eu\/wp-content\/uploads\/2026\/02\/Bleu-plage-Montage-simple-Publication-Facebook-copie-3-1-edited.png 778w, https:\/\/mamob-italy.eu\/wp-content\/uploads\/2026\/02\/Bleu-plage-Montage-simple-Publication-Facebook-copie-3-1-edited-300x251.png 300w, https:\/\/mamob-italy.eu\/wp-content\/uploads\/2026\/02\/Bleu-plage-Montage-simple-Publication-Facebook-copie-3-1-edited-768x644.png 768w\" sizes=\"(max-width: 778px) 100vw, 778px\" \/><\/figure>\n<\/div>\n<\/div><\/section>\n\n\n\n<section id=\"wp-block-themeisle-blocks-advanced-columns-8e7cc7ae\" class=\"wp-block-themeisle-blocks-advanced-columns has-3-columns has-desktop-equal-layout has-tablet-equal-layout has-mobile-collapsedRows-layout has-vertical-flex-start\"><div class=\"wp-block-themeisle-blocks-advanced-columns-overlay\"><\/div><div class=\"innerblocks-wrap\">\n<div id=\"wp-block-themeisle-blocks-advanced-column-725f10a7\" class=\"wp-block-themeisle-blocks-advanced-column\">\n<div class=\"wp-block-group is-nowrap is-layout-flex wp-container-core-group-is-layout-6c531013 wp-block-group-is-layout-flex\">\n<div id=\"wp-block-themeisle-blocks-font-awesome-icons-a548452e\" class=\"wp-block-themeisle-blocks-font-awesome-icons\"><span class=\"wp-block-themeisle-blocks-font-awesome-icons-container\"><i class=\"fas fa-user-tie\"><\/i><\/span><\/div>\n\n\n\n<h3 class=\"wp-block-heading has-text-align-left\">Service<\/h3>\n<\/div>\n\n\n\n<p class=\"has-text-align-left has-glacial-indifference-font-family\">D\u00e9couvrir les standards internationaux de l\u2019accueil client dans un pays fortement tourn\u00e9 vers le tourisme, g\u00e9rer une client\u00e8le internationale, adopter une posture professionnelle et s\u2019adapter \u00e0 des situations vari\u00e9es. <\/p>\n<\/div>\n\n\n\n<div id=\"wp-block-themeisle-blocks-advanced-column-3c67f726\" class=\"wp-block-themeisle-blocks-advanced-column\">\n<div class=\"wp-block-group is-nowrap is-layout-flex wp-container-core-group-is-layout-6c531013 wp-block-group-is-layout-flex\">\n<div id=\"wp-block-themeisle-blocks-font-awesome-icons-2a331772\" class=\"wp-block-themeisle-blocks-font-awesome-icons\"><span class=\"wp-block-themeisle-blocks-font-awesome-icons-container\"><i class=\"fas fa-utensils\"><\/i><\/span><\/div>\n\n\n\n<h3 class=\"wp-block-heading has-text-align-left\">Restauration<\/h3>\n<\/div>\n\n\n\n<p class=\"has-text-align-left has-glacial-indifference-font-family\">La restauration italienne est reconnue mondialement pour son exigence, son respect des produits et ses traditions culinaires.  l\u2019importance de la qualit\u00e9 des mati\u00e8res premi\u00e8res et le respect des gestes professionnels. <\/p>\n<\/div>\n\n\n\n<div id=\"wp-block-themeisle-blocks-advanced-column-4956dbc0\" class=\"wp-block-themeisle-blocks-advanced-column\">\n<div class=\"wp-block-group is-nowrap is-layout-flex wp-container-core-group-is-layout-6c531013 wp-block-group-is-layout-flex\">\n<div id=\"wp-block-themeisle-blocks-font-awesome-icons-8435dff2\" class=\"wp-block-themeisle-blocks-font-awesome-icons\"><span class=\"wp-block-themeisle-blocks-font-awesome-icons-container\"><i class=\"fas fa-hotel\"><\/i><\/span><\/div>\n\n\n\n<h3 class=\"wp-block-heading has-text-align-left\">Commerce<\/h3>\n<\/div>\n\n\n\n<p class=\"has-text-align-left has-glacial-indifference-font-family\">Les stages en commerce en Italie permettent aux \u00e9l\u00e8ves de comprendre la relation client dans un contexte culturel diff\u00e9rent, o\u00f9 le contact humain, la proximit\u00e9 et la confiance occupent une place centrale.<\/p>\n<\/div>\n<\/div><\/section>\n<\/div>\n<\/div><\/section>\n\n\n\n<section id=\"wp-block-themeisle-blocks-advanced-columns-b394b18d\" class=\"wp-block-themeisle-blocks-advanced-columns alignfull has-1-columns has-desktop-equal-layout has-tablet-equal-layout has-mobile-equal-layout has-vertical-center has-dark-bg\"><div class=\"wp-block-themeisle-blocks-advanced-columns-overlay\"><\/div><div class=\"innerblocks-wrap\">\n<div id=\"wp-block-themeisle-blocks-advanced-column-5e67beac\" class=\"wp-block-themeisle-blocks-advanced-column\">\n<h2 class=\"wp-block-heading has-text-align-center has-white-color has-text-color\" style=\"font-size:2.2em\">Suivez-nous sur les r\u00e9seaux !<\/h2>\n\n\n\n<p class=\"has-text-align-center has-white-color has-text-color\">Pour suivre nos nouveaut\u00e9s, nos activit\u00e9s et nos mobilit\u00e9s Erasmus +<\/p>\n\n\n\n<ul class=\"wp-block-social-links aligncenter has-normal-icon-size has-icon-color has-icon-background-color items-justified-center is-style-default is-layout-flex wp-block-social-links-is-layout-flex\"><li style=\"color:#ec4b4b;background-color:#ffffff;\" class=\"wp-social-link wp-social-link-facebook has-custom-color-2-color has-white-background-color wp-block-social-link\"><a href=\"#\" class=\"wp-block-social-link-anchor\"><svg width=\"24\" height=\"24\" viewBox=\"0 0 24 24\" version=\"1.1\" xmlns=\"http:\/\/www.w3.org\/2000\/svg\" aria-hidden=\"true\" focusable=\"false\"><path d=\"M12 2C6.5 2 2 6.5 2 12c0 5 3.7 9.1 8.4 9.9v-7H7.9V12h2.5V9.8c0-2.5 1.5-3.9 3.8-3.9 1.1 0 2.2.2 2.2.2v2.5h-1.3c-1.2 0-1.6.8-1.6 1.6V12h2.8l-.4 2.9h-2.3v7C18.3 21.1 22 17 22 12c0-5.5-4.5-10-10-10z\"><\/path><\/svg><span class=\"wp-block-social-link-label screen-reader-text\">Facebook<\/span><\/a><\/li>\n\n<li style=\"color:#ec4b4b;background-color:#ffffff;\" class=\"wp-social-link wp-social-link-instagram has-custom-color-2-color has-white-background-color wp-block-social-link\"><a href=\"https:\/\/www.instagram.com\/mamobitaly\/\" class=\"wp-block-social-link-anchor\"><svg width=\"24\" height=\"24\" viewBox=\"0 0 24 24\" version=\"1.1\" xmlns=\"http:\/\/www.w3.org\/2000\/svg\" aria-hidden=\"true\" focusable=\"false\"><path d=\"M12,4.622c2.403,0,2.688,0.009,3.637,0.052c0.877,0.04,1.354,0.187,1.671,0.31c0.42,0.163,0.72,0.358,1.035,0.673 c0.315,0.315,0.51,0.615,0.673,1.035c0.123,0.317,0.27,0.794,0.31,1.671c0.043,0.949,0.052,1.234,0.052,3.637 s-0.009,2.688-0.052,3.637c-0.04,0.877-0.187,1.354-0.31,1.671c-0.163,0.42-0.358,0.72-0.673,1.035 c-0.315,0.315-0.615,0.51-1.035,0.673c-0.317,0.123-0.794,0.27-1.671,0.31c-0.949,0.043-1.233,0.052-3.637,0.052 s-2.688-0.009-3.637-0.052c-0.877-0.04-1.354-0.187-1.671-0.31c-0.42-0.163-0.72-0.358-1.035-0.673 c-0.315-0.315-0.51-0.615-0.673-1.035c-0.123-0.317-0.27-0.794-0.31-1.671C4.631,14.688,4.622,14.403,4.622,12 s0.009-2.688,0.052-3.637c0.04-0.877,0.187-1.354,0.31-1.671c0.163-0.42,0.358-0.72,0.673-1.035 c0.315-0.315,0.615-0.51,1.035-0.673c0.317-0.123,0.794-0.27,1.671-0.31C9.312,4.631,9.597,4.622,12,4.622 M12,3 C9.556,3,9.249,3.01,8.289,3.054C7.331,3.098,6.677,3.25,6.105,3.472C5.513,3.702,5.011,4.01,4.511,4.511 c-0.5,0.5-0.808,1.002-1.038,1.594C3.25,6.677,3.098,7.331,3.054,8.289C3.01,9.249,3,9.556,3,12c0,2.444,0.01,2.751,0.054,3.711 c0.044,0.958,0.196,1.612,0.418,2.185c0.23,0.592,0.538,1.094,1.038,1.594c0.5,0.5,1.002,0.808,1.594,1.038 c0.572,0.222,1.227,0.375,2.185,0.418C9.249,20.99,9.556,21,12,21s2.751-0.01,3.711-0.054c0.958-0.044,1.612-0.196,2.185-0.418 c0.592-0.23,1.094-0.538,1.594-1.038c0.5-0.5,0.808-1.002,1.038-1.594c0.222-0.572,0.375-1.227,0.418-2.185 C20.99,14.751,21,14.444,21,12s-0.01-2.751-0.054-3.711c-0.044-0.958-0.196-1.612-0.418-2.185c-0.23-0.592-0.538-1.094-1.038-1.594 c-0.5-0.5-1.002-0.808-1.594-1.038c-0.572-0.222-1.227-0.375-2.185-0.418C14.751,3.01,14.444,3,12,3L12,3z M12,7.378 c-2.552,0-4.622,2.069-4.622,4.622S9.448,16.622,12,16.622s4.622-2.069,4.622-4.622S14.552,7.378,12,7.378z M12,15 c-1.657,0-3-1.343-3-3s1.343-3,3-3s3,1.343,3,3S13.657,15,12,15z M16.804,6.116c-0.596,0-1.08,0.484-1.08,1.08 s0.484,1.08,1.08,1.08c0.596,0,1.08-0.484,1.08-1.08S17.401,6.116,16.804,6.116z\"><\/path><\/svg><span class=\"wp-block-social-link-label screen-reader-text\">Instagram<\/span><\/a><\/li>\n\n<li style=\"color:#ec4b4b;background-color:#ffffff;\" class=\"wp-social-link wp-social-link-linkedin has-custom-color-2-color has-white-background-color wp-block-social-link\"><a href=\"https:\/\/www.linkedin.com\/company\/mamobitaly\/\" class=\"wp-block-social-link-anchor\"><svg width=\"24\" height=\"24\" viewBox=\"0 0 24 24\" version=\"1.1\" xmlns=\"http:\/\/www.w3.org\/2000\/svg\" aria-hidden=\"true\" focusable=\"false\"><path d=\"M19.7,3H4.3C3.582,3,3,3.582,3,4.3v15.4C3,20.418,3.582,21,4.3,21h15.4c0.718,0,1.3-0.582,1.3-1.3V4.3 C21,3.582,20.418,3,19.7,3z M8.339,18.338H5.667v-8.59h2.672V18.338z M7.004,8.574c-0.857,0-1.549-0.694-1.549-1.548 c0-0.855,0.691-1.548,1.549-1.548c0.854,0,1.547,0.694,1.547,1.548C8.551,7.881,7.858,8.574,7.004,8.574z M18.339,18.338h-2.669 v-4.177c0-0.996-0.017-2.278-1.387-2.278c-1.389,0-1.601,1.086-1.601,2.206v4.249h-2.667v-8.59h2.559v1.174h0.037 c0.356-0.675,1.227-1.387,2.526-1.387c2.703,0,3.203,1.779,3.203,4.092V18.338z\"><\/path><\/svg><span class=\"wp-block-social-link-label screen-reader-text\">LinkedIn<\/span><\/a><\/li>\n\n<\/ul>\n<\/div>\n<\/div><\/section>\n\n\n\n<p><\/p>\n","protected":false},"excerpt":{"rendered":"<p>1. Nous contacter Premier contact pour discuter du projet de mobilit\u00e9 et \u00e9valuer sa faisabilit\u00e9. 2. S\u00e9lection des entreprises Nous s\u00e9lectionnons les entreprises d&rsquo;accueils et nous vous proposons les lieux de stage adapt\u00e9s aux \u00e9l\u00e8ves. 3. Gestion administrative Nous pr\u00e9parons les documents n\u00e9cessaires au projet ainsi que les conventions de stage pour un programme sur-mesure. [&hellip;]<\/p>\n","protected":false},"author":1,"featured_media":0,"parent":0,"menu_order":0,"comment_status":"closed","ping_status":"closed","template":"","meta":{"_themeisle_gutenberg_block_has_review":false,"footnotes":""},"class_list":["post-264","page","type-page","status-publish","hentry"],"_links":{"self":[{"href":"https:\/\/mamob-italy.eu\/index.php\/wp-json\/wp\/v2\/pages\/264","targetHints":{"allow":["GET"]}}],"collection":[{"href":"https:\/\/mamob-italy.eu\/index.php\/wp-json\/wp\/v2\/pages"}],"about":[{"href":"https:\/\/mamob-italy.eu\/index.php\/wp-json\/wp\/v2\/types\/page"}],"author":[{"embeddable":true,"href":"https:\/\/mamob-italy.eu\/index.php\/wp-json\/wp\/v2\/users\/1"}],"replies":[{"embeddable":true,"href":"https:\/\/mamob-italy.eu\/index.php\/wp-json\/wp\/v2\/comments?post=264"}],"version-history":[{"count":18,"href":"https:\/\/mamob-italy.eu\/index.php\/wp-json\/wp\/v2\/pages\/264\/revisions"}],"predecessor-version":[{"id":431,"href":"https:\/\/mamob-italy.eu\/index.php\/wp-json\/wp\/v2\/pages\/264\/revisions\/431"}],"wp:attachment":[{"href":"https:\/\/mamob-italy.eu\/index.php\/wp-json\/wp\/v2\/media?parent=264"}],"curies":[{"name":"wp","href":"https:\/\/api.w.org\/{rel}","templated":true}]}}