{"id":93,"date":"2025-12-03T15:12:34","date_gmt":"2025-12-03T15:12:34","guid":{"rendered":"https:\/\/mamob-italy.eu\/?page_id=93"},"modified":"2026-03-30T15:50:03","modified_gmt":"2026-03-30T15:50:03","slug":"contact","status":"publish","type":"page","link":"https:\/\/mamob-italy.eu\/index.php\/contact\/","title":{"rendered":"Contact"},"content":{"rendered":"\n<figure class=\"wp-block-image aligncenter size-full is-resized\"><img fetchpriority=\"high\" decoding=\"async\" width=\"940\" height=\"788\" src=\"https:\/\/mamob-italy.eu\/wp-content\/uploads\/2026\/02\/Bleu-plage-Montage-simple-Publication-Facebook-copie-1.png\" alt=\"\" class=\"wp-image-391\" style=\"aspect-ratio:1.1929170549860204;width:457px;height:auto\" srcset=\"https:\/\/mamob-italy.eu\/wp-content\/uploads\/2026\/02\/Bleu-plage-Montage-simple-Publication-Facebook-copie-1.png 940w, https:\/\/mamob-italy.eu\/wp-content\/uploads\/2026\/02\/Bleu-plage-Montage-simple-Publication-Facebook-copie-1-300x251.png 300w, https:\/\/mamob-italy.eu\/wp-content\/uploads\/2026\/02\/Bleu-plage-Montage-simple-Publication-Facebook-copie-1-768x644.png 768w\" sizes=\"(max-width: 940px) 100vw, 940px\" \/><\/figure>\n\n\n\n<figure class=\"wp-block-image aligncenter size-full is-resized\"><img decoding=\"async\" width=\"431\" height=\"431\" src=\"https:\/\/mamob-italy.eu\/wp-content\/uploads\/2025\/11\/logo-mamobita-2-1-edited.png\" alt=\"\" class=\"wp-image-33\" style=\"width:119px;height:auto\" srcset=\"https:\/\/mamob-italy.eu\/wp-content\/uploads\/2025\/11\/logo-mamobita-2-1-edited.png 431w, https:\/\/mamob-italy.eu\/wp-content\/uploads\/2025\/11\/logo-mamobita-2-1-edited-300x300.png 300w, https:\/\/mamob-italy.eu\/wp-content\/uploads\/2025\/11\/logo-mamobita-2-1-edited-150x150.png 150w\" sizes=\"(max-width: 431px) 100vw, 431px\" \/><\/figure>\n\n\n\n<div class=\"wp-block-group is-nowrap is-layout-flex wp-container-core-group-is-layout-6c531013 wp-block-group-is-layout-flex\">\n<form method=\"post\" class=\"wp-block-gutena-forms gutena-forms-contact-form gutena_forms_ID_148f8a9b28_922026164324 after_submit_message wp-container-content-9cfa9a5a is-layout-constrained wp-container-gutena-forms-is-layout-c223fdcf wp-block-gutena-forms-is-layout-constrained\" style=\"padding-top:2rem;padding-right:0;padding-bottom:2rem\"><input type=\"hidden\" name=\"formid\" value=\"gutena_forms_ID_148f8a9b28_922026164324\"\/>\n<div class=\"wp-block-gutena-text-field-group wp-block-gutena-field-group is-layout-flow wp-block-gutena-text-field-group-is-layout-flow\">\n<div class=\"wp-block-group is-vertical is-layout-flex wp-container-core-group-is-layout-501cef26 wp-block-group-is-layout-flex\"><label for=\"first_name\">Pr\u00e9nom<\/label>\n\n<div class=\"gutena-forms-text-field field-name-first_name  wp-block-gutena-form-field\"><input\n\t\t\t\tid=\"first_name\"\n\t\t\t\t name=\"first_name\" type=\"text\" class=\"gutena-forms-field text-field required-field  \" placeholder=\"Enter your first name\"  required\n\t\t\t\t\/><\/div><\/div>\n\n\n\n<p class=\"gutena-forms-field-error-msg\"><\/p>\n<\/div>\n\n\n\n<div class=\"wp-block-gutena-text-field-group wp-block-gutena-field-group is-layout-flow wp-block-gutena-text-field-group-is-layout-flow\">\n<div class=\"wp-block-group is-vertical is-layout-flex wp-container-core-group-is-layout-501cef26 wp-block-group-is-layout-flex\"><label for=\"last_name\">Nom<\/label>\n\n<div class=\"gutena-forms-text-field field-name-last_name  wp-block-gutena-form-field\"><input\n\t\t\t\tid=\"last_name\"\n\t\t\t\t name=\"last_name\" type=\"text\" class=\"gutena-forms-field text-field required-field  \" placeholder=\"Enter your last name\"  required\n\t\t\t\t\/><\/div><\/div>\n\n\n\n<p class=\"gutena-forms-field-error-msg\"><\/p>\n<\/div>\n\n\n\n<div class=\"wp-block-gutena-email-field-group wp-block-gutena-field-group is-layout-flow wp-block-gutena-email-field-group-is-layout-flow\">\n<div class=\"wp-block-group is-vertical is-layout-flex wp-container-core-group-is-layout-501cef26 wp-block-group-is-layout-flex\"><label for=\"email\">Email<\/label>\n\n<div class=\"gutena-forms-email-field field-name-email  wp-block-gutena-form-field\"><input\n\t\t\t\tid=\"email\"\n\t\t\t\t name=\"email\" type=\"email\" class=\"gutena-forms-field email-field required-field  \" placeholder=\"example@gmail.com\"  required\n\t\t\t\t\/><\/div><\/div>\n\n\n\n<p class=\"gutena-forms-field-error-msg\"><\/p>\n<\/div>\n\n\n\n<div class=\"wp-block-gutena-text-field-group wp-block-gutena-field-group is-layout-flow wp-block-gutena-text-field-group-is-layout-flow\">\n<div class=\"wp-block-group is-vertical is-layout-flex wp-container-core-group-is-layout-501cef26 wp-block-group-is-layout-flex\"><label for=\"subject\">Objet<\/label>\n\n<div class=\"gutena-forms-text-field field-name-subject  wp-block-gutena-form-field\"><input\n\t\t\t\tid=\"subject\"\n\t\t\t\t name=\"subject\" type=\"text\" class=\"gutena-forms-field text-field required-field  \" placeholder=\"Subject\"  required\n\t\t\t\t\/><\/div><\/div>\n\n\n\n<p class=\"gutena-forms-field-error-msg\"><\/p>\n<\/div>\n\n\n\n<div class=\"wp-block-gutena-textarea-field-group wp-block-gutena-field-group is-layout-flow wp-block-gutena-textarea-field-group-is-layout-flow\">\n<div class=\"wp-block-group is-vertical is-layout-flex wp-container-core-group-is-layout-501cef26 wp-block-group-is-layout-flex\"><label for=\"message\">Message<\/label>\n\n<div class=\"gutena-forms-textarea-field field-name-message  wp-block-gutena-form-field\"><textarea\n\t\t\t\tid=\"message\"\n\t\t\t\t name=\"message\" rows=\"5\" class=\"gutena-forms-field textarea-field required-field  \" placeholder=\"Type here\"  required\n\t\t\t\t><\/textarea><\/div><\/div>\n\n\n\n<p class=\"gutena-forms-field-error-msg\"><\/p>\n<\/div>\n\n\n\n<div class=\"wp-block-buttons gutena-forms-submit-buttons is-layout-flex wp-block-buttons-is-layout-flex\">\n<div class=\"wp-block-button gutena-forms-submit-button\"><button class=\"wp-block-button__link has-custom-color-2-background-color has-background wp-element-button\" style=\"border-top-left-radius:100px;border-top-right-radius:100px;border-bottom-left-radius:100px;border-bottom-right-radius:100px\">Envoyer<\/button><\/div>\n<\/div>\n\n\n\n<div class=\"wp-block-gutena-form-confirm-msg is-layout-flow wp-block-gutena-form-confirm-msg-is-layout-flow\">\n<div class=\"wp-block-group has-background is-content-justification-left is-nowrap is-layout-flex wp-container-core-group-is-layout-385d3396 wp-block-group-is-layout-flex\" style=\"border-radius:5px;background-color:#d8eacc;padding-top:12px;padding-right:12px;padding-bottom:12px;padding-left:12px\">\n<figure class=\"wp-block-image size-large form-message-icon\"><img decoding=\"async\" src=\"data:image\/svg+xml;base64,PHN2ZyB3aWR0aD0iMTYiIGhlaWdodD0iMTYiIHZpZXdCb3g9IjAgMCAxNiAxNiIgZmlsbD0ibm9uZSIgeG1sbnM9Imh0dHA6Ly93d3cudzMub3JnLzIwMDAvc3ZnIj4NCjxwYXRoIGQ9Ik04IDE2QzMuNTgxNiAxNiAwIDEyLjQxODQgMCA4QzAgMy41ODE2IDMuNTgxNiAwIDggMEMxMi40MTg0IDAgMTYgMy41ODE2IDE2IDhDMTYgMTIuNDE4NCAxMi40MTg0IDE2IDggMTZaTTggMTQuNEM5LjY5NzM5IDE0LjQgMTEuMzI1MyAxMy43MjU3IDEyLjUyNTUgMTIuNTI1NUMxMy43MjU3IDExLjMyNTMgMTQuNCA5LjY5NzM5IDE0LjQgOEMxNC40IDYuMzAyNjEgMTMuNzI1NyA0LjY3NDc1IDEyLjUyNTUgMy40NzQ1MkMxMS4zMjUzIDIuMjc0MjggOS42OTczOSAxLjYgOCAxLjZDNi4zMDI2MSAxLjYgNC42NzQ3NSAyLjI3NDI4IDMuNDc0NTIgMy40NzQ1MkMyLjI3NDI4IDQuNjc0NzUgMS42IDYuMzAyNjEgMS42IDhDMS42IDkuNjk3MzkgMi4yNzQyOCAxMS4zMjUzIDMuNDc0NTIgMTIuNTI1NUM0LjY3NDc1IDEzLjcyNTcgNi4zMDI2MSAxNC40IDggMTQuNFpNNy4yMDI0IDExLjJMMy44MDggNy44MDU2TDQuOTM5MiA2LjY3NDRMNy4yMDI0IDguOTM3NkwxMS43MjcyIDQuNDEyTDEyLjg1OTIgNS41NDMyTDcuMjAyNCAxMS4yWiIgZmlsbD0iIzQ2ODQxRSIvPg0KPC9zdmc+DQo=\" alt=\"Success\" class=\"wp-image-3811\"\/><\/figure>\n\n\n\n<p class=\"has-black-color has-text-color has-tiny-font-size\" style=\"font-size:12px;font-style:normal;font-weight:500;line-height:1.2\">Votre message a bien \u00e9t\u00e9 envoy\u00e9 !<\/p>\n<\/div>\n<\/div>\n\n\n\n<div class=\"wp-block-gutena-form-error-msg is-layout-flow wp-block-gutena-form-error-msg-is-layout-flow\">\n<div class=\"wp-block-group has-background is-content-justification-left is-nowrap is-layout-flex wp-container-core-group-is-layout-385d3396 wp-block-group-is-layout-flex\" style=\"border-radius:5px;background-color:#ffd3d3;padding-top:12px;padding-right:12px;padding-bottom:12px;padding-left:12px\">\n<figure class=\"wp-block-image size-large form-message-icon\"><img decoding=\"async\" src=\"data:image\/svg+xml;base64,PHN2ZyB3aWR0aD0iMTYiIGhlaWdodD0iMTYiIHZpZXdCb3g9IjAgMCAxNiAxNiIgZmlsbD0ibm9uZSIgeG1sbnM9Imh0dHA6Ly93d3cudzMub3JnLzIwMDAvc3ZnIj4NCjxwYXRoIGQ9Ik04IDE2QzMuNTgxNiAxNiAwIDEyLjQxODQgMCA4QzAgMy41ODE2IDMuNTgxNiAwIDggMEMxMi40MTg0IDAgMTYgMy41ODE2IDE2IDhDMTYgMTIuNDE4NCAxMi40MTg0IDE2IDggMTZaTTggMTQuNEM5LjY5NzM5IDE0LjQgMTEuMzI1MyAxMy43MjU3IDEyLjUyNTUgMTIuNTI1NUMxMy43MjU3IDExLjMyNTMgMTQuNCA5LjY5NzM5IDE0LjQgOEMxNC40IDYuMzAyNjEgMTMuNzI1NyA0LjY3NDc1IDEyLjUyNTUgMy40NzQ1MkMxMS4zMjUzIDIuMjc0MjggOS42OTczOSAxLjYgOCAxLjZDNi4zMDI2MSAxLjYgNC42NzQ3NSAyLjI3NDI4IDMuNDc0NTIgMy40NzQ1MkMyLjI3NDI4IDQuNjc0NzUgMS42IDYuMzAyNjEgMS42IDhDMS42IDkuNjk3MzkgMi4yNzQyOCAxMS4zMjUzIDMuNDc0NTIgMTIuNTI1NUM0LjY3NDc1IDEzLjcyNTcgNi4zMDI2MSAxNC40IDggMTQuNFpNNy4yIDEwLjRIOC44VjEySDcuMlYxMC40Wk03LjIgNEg4LjhWOC44SDcuMlY0WiIgZmlsbD0iI0M1MTkxOSIvPg0KPC9zdmc+DQo=\" alt=\"Error\" class=\"wp-image-3811\"\/><\/figure>\n\n\n\n<p class=\"gutena-forms-error-text has-black-color has-text-color\" style=\"font-size:12px;font-style:normal;font-weight:500;line-height:1.2\">D\u00e9sol\u00e9! votre message n&rsquo;a pas pu \u00eatre envoy\u00e9. V\u00e9rifiez que tous les champs aient bien \u00e9t\u00e9 remplis.<\/p>\n<\/div>\n<\/div>\n<\/form>\n<\/div>\n\n\n\n<div id=\"wp-block-themeisle-blocks-advanced-columns-88357565\" class=\"wp-block-themeisle-blocks-advanced-columns alignfull has-1-columns has-desktop-equal-layout has-tablet-equal-layout has-mobile-collapsedRows-layout has-vertical-center ticss-c00aadba\"><div class=\"wp-block-themeisle-blocks-advanced-columns-overlay\"><\/div><div class=\"innerblocks-wrap\">\n<div id=\"wp-block-themeisle-blocks-advanced-column-ccb43057\" class=\"wp-block-themeisle-blocks-advanced-column\">\n<figure class=\"wp-block-image aligncenter size-full is-resized is-style-rounded\"><img decoding=\"async\" width=\"1964\" height=\"561\" src=\"https:\/\/mamob-italy.eu\/wp-content\/uploads\/2025\/11\/erasmuslogo.jpg\" alt=\"\" class=\"wp-image-54\" style=\"aspect-ratio:3.501519756838906;width:137px;height:auto\" srcset=\"https:\/\/mamob-italy.eu\/wp-content\/uploads\/2025\/11\/erasmuslogo.jpg 1964w, https:\/\/mamob-italy.eu\/wp-content\/uploads\/2025\/11\/erasmuslogo-300x86.jpg 300w, https:\/\/mamob-italy.eu\/wp-content\/uploads\/2025\/11\/erasmuslogo-1024x292.jpg 1024w, https:\/\/mamob-italy.eu\/wp-content\/uploads\/2025\/11\/erasmuslogo-768x219.jpg 768w, https:\/\/mamob-italy.eu\/wp-content\/uploads\/2025\/11\/erasmuslogo-1536x439.jpg 1536w\" sizes=\"(max-width: 1964px) 100vw, 1964px\" \/><\/figure>\n\n\n\n<p id=\"wp-block-themeisle-blocks-advanced-heading-fa0dd853\" class=\"wp-block-themeisle-blocks-advanced-heading wp-block-themeisle-blocks-advanced-heading-fa0dd853\">\u00ab\u00a0&#8230;Enrichir les vies, ouvrir les esprits&#8230;.\u00a0\u00bb<\/p>\n\n\n\n<p id=\"wp-block-themeisle-blocks-advanced-heading-37339a78\" class=\"wp-block-themeisle-blocks-advanced-heading wp-block-themeisle-blocks-advanced-heading-37339a78\"><strong>Erasmus +<\/strong><\/p>\n<\/div>\n<\/div><\/div>\n","protected":false},"excerpt":{"rendered":"","protected":false},"author":1,"featured_media":0,"parent":0,"menu_order":0,"comment_status":"closed","ping_status":"closed","template":"","meta":{"_themeisle_gutenberg_block_has_review":false,"footnotes":""},"class_list":["post-93","page","type-page","status-publish","hentry"],"_links":{"self":[{"href":"https:\/\/mamob-italy.eu\/index.php\/wp-json\/wp\/v2\/pages\/93","targetHints":{"allow":["GET"]}}],"collection":[{"href":"https:\/\/mamob-italy.eu\/index.php\/wp-json\/wp\/v2\/pages"}],"about":[{"href":"https:\/\/mamob-italy.eu\/index.php\/wp-json\/wp\/v2\/types\/page"}],"author":[{"embeddable":true,"href":"https:\/\/mamob-italy.eu\/index.php\/wp-json\/wp\/v2\/users\/1"}],"replies":[{"embeddable":true,"href":"https:\/\/mamob-italy.eu\/index.php\/wp-json\/wp\/v2\/comments?post=93"}],"version-history":[{"count":28,"href":"https:\/\/mamob-italy.eu\/index.php\/wp-json\/wp\/v2\/pages\/93\/revisions"}],"predecessor-version":[{"id":458,"href":"https:\/\/mamob-italy.eu\/index.php\/wp-json\/wp\/v2\/pages\/93\/revisions\/458"}],"wp:attachment":[{"href":"https:\/\/mamob-italy.eu\/index.php\/wp-json\/wp\/v2\/media?parent=93"}],"curies":[{"name":"wp","href":"https:\/\/api.w.org\/{rel}","templated":true}]}}